{"id":323,"date":"2021-12-29T12:59:06","date_gmt":"2021-12-29T12:59:06","guid":{"rendered":"https:\/\/lahotel.lt\/?page_id=323"},"modified":"2024-03-18T09:12:35","modified_gmt":"2024-03-18T09:12:35","slug":"galimybes","status":"publish","type":"page","link":"https:\/\/lahotel.lt\/lt\/galimybes\/","title":{"rendered":"Galimyb\u0117s"},"content":{"rendered":"<div data-elementor-type=\"wp-page\" data-elementor-id=\"323\" class=\"elementor elementor-323\" data-elementor-post-type=\"page\">\n\t\t\t\t\t\t\t\t\t<section class=\"elementor-section elementor-top-section elementor-element elementor-element-4f68955 elementor-section-boxed elementor-section-height-default elementor-section-height-default\" data-id=\"4f68955\" data-element_type=\"section\" data-settings=\"{&quot;background_background&quot;:&quot;classic&quot;}\">\n\t\t\t\t\t\t\t<div class=\"elementor-background-overlay\"><\/div>\n\t\t\t\t\t\t\t<div class=\"elementor-container elementor-column-gap-default\">\n\t\t\t\t\t<div class=\"elementor-column elementor-col-100 elementor-top-column elementor-element elementor-element-ba25568\" data-id=\"ba25568\" data-element_type=\"column\">\n\t\t\t<div class=\"elementor-widget-wrap elementor-element-populated\">\n\t\t\t\t\t\t\t\t<section class=\"elementor-section elementor-inner-section elementor-element elementor-element-44f7022 elementor-section-boxed elementor-section-height-default elementor-section-height-default\" data-id=\"44f7022\" data-element_type=\"section\">\n\t\t\t\t\t\t<div class=\"elementor-container elementor-column-gap-default\">\n\t\t\t\t\t<div class=\"elementor-column elementor-col-100 elementor-inner-column elementor-element elementor-element-0e4d4b1\" data-id=\"0e4d4b1\" data-element_type=\"column\">\n\t\t\t<div class=\"elementor-widget-wrap elementor-element-populated\">\n\t\t\t\t\t\t\t\t\t<\/div>\n\t\t<\/div>\n\t\t\t\t\t\t\t<\/div>\n\t\t<\/section>\n\t\t\t\t\t<\/div>\n\t\t<\/div>\n\t\t\t\t\t\t\t<\/div>\n\t\t<\/section>\n\t\t\t\t<section class=\"elementor-section elementor-top-section elementor-element elementor-element-e4d3315 elementor-section-full_width elementor-section-height-default elementor-section-height-default\" data-id=\"e4d3315\" data-element_type=\"section\" data-settings=\"{&quot;background_background&quot;:&quot;classic&quot;}\">\n\t\t\t\t\t\t<div class=\"elementor-container elementor-column-gap-default\">\n\t\t\t\t\t<div class=\"elementor-column elementor-col-50 elementor-top-column elementor-element elementor-element-4186fe6\" data-id=\"4186fe6\" data-element_type=\"column\" data-settings=\"{&quot;background_background&quot;:&quot;classic&quot;}\">\n\t\t\t<div class=\"elementor-widget-wrap elementor-element-populated\">\n\t\t\t\t\t\t\t\t<div class=\"elementor-element elementor-element-b9fec6a elementor-widget elementor-widget-text-editor\" data-id=\"b9fec6a\" data-element_type=\"widget\" data-widget_type=\"text-editor.default\">\n\t\t\t\t<div class=\"elementor-widget-container\">\n\t\t\t\t\t\t\tM\u016bs\u0173 vie\u0161butyje galite  ne tik poilsiauti, ta\u010diau ir rengti \u012fvairius renginius, \u0161eimos \u0161ventes iki 30 \u017emoni\u0173.\t\t\t\t\t\t<\/div>\n\t\t\t\t<\/div>\n\t\t\t\t<div class=\"elementor-element elementor-element-cd241d2 elementor-widget elementor-widget-text-editor\" data-id=\"cd241d2\" data-element_type=\"widget\" data-widget_type=\"text-editor.default\">\n\t\t\t\t<div class=\"elementor-widget-container\">\n\t\t\t\t\t\t\t<p>Kiekvienas met\u0173 laikas suteikia vis kitas galimybes &#8211; pavasar\u012f, ruden\u012f, \u017eiem\u0105, kai ma\u017eiau poilsiautoj\u0173 galima m\u0117gautis ramybe, \u012fkv\u0117pimu, &nbsp;l\u0117tu buvimu, skaityti knygas, kuri\u0173 vie\u0161butyje daugyb\u0117, su \u0161eima ar draugais \u017eaisti stalo \u017eaidimus, ruden\u012f &#8211; grybauti.&nbsp;<\/p>\n<p>\u017diem\u0105 galima rasti Ignalinos \u017eiemos pramogas &#8211; kaln\u0173 ar lygim\u0173 slidin\u0117jim\u0105. Taip pat Ignalinoje veikia puikus SPA su pirtimis ir dideliu baseinu.&nbsp;<\/p>\n<p>O vasar\u0105 galima m\u0117gautis visais jos malomumais &nbsp;&#8211; maudytis \u010dia pat esan\u010diame Gavio e\u017eere, pasivaik\u0161ioti p\u0117d\u0173 taku, p\u0117\u0161\u010di\u0173j\u0173 takais, plaukti baidar\u0117mis, va\u017ein\u0117ti dvira\u010diais, \u017eaisti futbol\u0105 ar tinklin\u012f.<\/p>\n<p style=\"font-variant-ligatures: normal; font-variant-caps: normal; font-family: &quot;Josefin Sans&quot;; font-size: 16px; font-style: normal; font-weight: 400;\"><span style=\"font-variant-ligatures: normal; font-variant-caps: normal; font-family: &quot;Josefin Sans&quot;; font-size: 16px; font-style: normal; font-weight: 400;\">Organizuojame komandinius renginius iki 20 \u017emoni\u0173.&nbsp;&nbsp;<\/span><span style=\"font-family: &quot;Josefin Sans&quot;; font-size: 16px; font-style: normal; font-variant-ligatures: normal; font-variant-caps: normal; font-weight: 400;\">Bendradarbiaujame su profesionaliais lektoriais ir rengini\u0173 organizatoriais, tod\u0117l&nbsp;<\/span><span style=\"font-family: &quot;Josefin Sans&quot;; font-size: 16px; font-style: normal; font-variant-ligatures: normal; font-variant-caps: normal; font-weight: 400;\">Jums nereikia niekuo r\u016bpintis &#8211;&nbsp; tik atvykti. Suderinsime ir parinksime komandinio mokymo turin\u012f, maitinim\u0105, pramogas (<\/span><span style=\"font-size: 16px;\">irklentes, baidares, vandens dvira\u010dius, valt\u012f, perve\u017eimus ir net limuzin\u0105).&nbsp;&nbsp;<\/span><\/p>\t\t\t\t\t\t<\/div>\n\t\t\t\t<\/div>\n\t\t\t\t\t<\/div>\n\t\t<\/div>\n\t\t\t\t<div class=\"elementor-column elementor-col-50 elementor-top-column elementor-element elementor-element-d185656\" data-id=\"d185656\" data-element_type=\"column\">\n\t\t\t<div class=\"elementor-widget-wrap elementor-element-populated\">\n\t\t\t\t\t\t\t\t<div class=\"elementor-element elementor-element-0ee5244 elementor--h-position-center elementor--v-position-middle elementor-widget elementor-widget-slides\" data-id=\"0ee5244\" data-element_type=\"widget\" data-settings=\"{&quot;navigation&quot;:&quot;none&quot;,&quot;autoplay_speed&quot;:1000,&quot;transition&quot;:&quot;fade&quot;,&quot;transition_speed&quot;:2000,&quot;autoplay&quot;:&quot;yes&quot;,&quot;pause_on_hover&quot;:&quot;yes&quot;,&quot;pause_on_interaction&quot;:&quot;yes&quot;,&quot;infinite&quot;:&quot;yes&quot;}\" data-widget_type=\"slides.default\">\n\t\t\t\t<div class=\"elementor-widget-container\">\n\t\t\t\t\t<div class=\"elementor-swiper\">\n\t\t\t<div class=\"elementor-slides-wrapper elementor-main-swiper swiper-container\" dir=\"ltr\" data-animation=\"fadeInUp\">\n\t\t\t\t<div class=\"swiper-wrapper elementor-slides\">\n\t\t\t\t\t\t\t\t\t\t<div class=\"elementor-repeater-item-2a4d737 swiper-slide\"><div class=\"swiper-slide-bg elementor-ken-burns elementor-ken-burns--in\" role=\"img\"><\/div><div class=\"swiper-slide-inner\" ><div class=\"swiper-slide-contents\"><\/div><\/div><\/div><div class=\"elementor-repeater-item-2a801f8 swiper-slide\"><div class=\"swiper-slide-bg elementor-ken-burns elementor-ken-burns--in\" role=\"img\"><\/div><div class=\"swiper-slide-inner\" ><div class=\"swiper-slide-contents\"><\/div><\/div><\/div><div class=\"elementor-repeater-item-c94a5b8 swiper-slide\"><div class=\"swiper-slide-bg elementor-ken-burns elementor-ken-burns--in\" role=\"img\"><\/div><div class=\"swiper-slide-inner\" ><div class=\"swiper-slide-contents\"><\/div><\/div><\/div><div class=\"elementor-repeater-item-53806d2 swiper-slide\"><div class=\"swiper-slide-bg elementor-ken-burns elementor-ken-burns--in\" role=\"img\"><\/div><div class=\"swiper-slide-inner\" ><div class=\"swiper-slide-contents\"><\/div><\/div><\/div>\t\t\t\t<\/div>\n\t\t\t\t\t\t\t\t\t\t\t\t\t\t\t\t\t\t\t\t\t<\/div>\n\t\t<\/div>\n\t\t\t\t<\/div>\n\t\t\t\t<\/div>\n\t\t\t\t\t<\/div>\n\t\t<\/div>\n\t\t\t\t\t\t\t<\/div>\n\t\t<\/section>\n\t\t\t\t<section class=\"elementor-section elementor-top-section elementor-element elementor-element-96d5762 elementor-section-boxed elementor-section-height-default elementor-section-height-default\" data-id=\"96d5762\" data-element_type=\"section\">\n\t\t\t\t\t\t<div class=\"elementor-container elementor-column-gap-default\">\n\t\t\t\t\t<div class=\"elementor-column elementor-col-100 elementor-top-column elementor-element elementor-element-2b0f1be\" data-id=\"2b0f1be\" data-element_type=\"column\">\n\t\t\t<div class=\"elementor-widget-wrap\">\n\t\t\t\t\t\t\t\t\t<\/div>\n\t\t<\/div>\n\t\t\t\t\t\t\t<\/div>\n\t\t<\/section>\n\t\t\t\t\t\t\t<\/div>","protected":false},"excerpt":{"rendered":"<p>M\u016bs\u0173 vie\u0161butyje galite ne tik poilsiauti, ta\u010diau ir rengti \u012fvairius renginius, \u0161eimos \u0161ventes iki 30 \u017emoni\u0173. Kiekvienas met\u0173 laikas suteikia vis kitas galimybes &#8211; pavasar\u012f, ruden\u012f, \u017eiem\u0105, kai ma\u017eiau poilsiautoj\u0173 galima m\u0117gautis ramybe, \u012fkv\u0117pimu, &nbsp;l\u0117tu buvimu, skaityti knygas, kuri\u0173 vie\u0161butyje daugyb\u0117, su \u0161eima ar draugais \u017eaisti stalo \u017eaidimus, ruden\u012f &#8211; grybauti.&nbsp; \u017diem\u0105 galima rasti Ignalinos [&hellip;]<\/p>","protected":false},"author":1,"featured_media":0,"parent":0,"menu_order":0,"comment_status":"closed","ping_status":"closed","template":"elementor_header_footer","meta":{"footnotes":""},"class_list":["post-323","page","type-page","status-publish","hentry","entry"],"_links":{"self":[{"href":"https:\/\/lahotel.lt\/lt\/wp-json\/wp\/v2\/pages\/323","targetHints":{"allow":["GET"]}}],"collection":[{"href":"https:\/\/lahotel.lt\/lt\/wp-json\/wp\/v2\/pages"}],"about":[{"href":"https:\/\/lahotel.lt\/lt\/wp-json\/wp\/v2\/types\/page"}],"author":[{"embeddable":true,"href":"https:\/\/lahotel.lt\/lt\/wp-json\/wp\/v2\/users\/1"}],"replies":[{"embeddable":true,"href":"https:\/\/lahotel.lt\/lt\/wp-json\/wp\/v2\/comments?post=323"}],"version-history":[{"count":61,"href":"https:\/\/lahotel.lt\/lt\/wp-json\/wp\/v2\/pages\/323\/revisions"}],"predecessor-version":[{"id":1484,"href":"https:\/\/lahotel.lt\/lt\/wp-json\/wp\/v2\/pages\/323\/revisions\/1484"}],"wp:attachment":[{"href":"https:\/\/lahotel.lt\/lt\/wp-json\/wp\/v2\/media?parent=323"}],"curies":[{"name":"wp","href":"https:\/\/api.w.org\/{rel}","templated":true}]}}